{"id":484,"date":"2024-03-18T18:23:38","date_gmt":"2024-03-18T22:23:38","guid":{"rendered":"https:\/\/delimp.cl\/?post_type=product&#038;p=484"},"modified":"2024-05-14T19:02:30","modified_gmt":"2024-05-14T23:02:30","slug":"alcohol-etilico-70-1-litro","status":"publish","type":"product","link":"https:\/\/delimp.cl\/index.php\/producto\/alcohol-etilico-70-1-litro\/","title":{"rendered":"Alcohol Et\u00edlico 70% 1 litro"},"content":{"rendered":"<p>Por compras sobre $50.000<\/p>\n<p>Despacho Gratuito Regi\u00f3n Metropolitana.<\/p>\n<p>Env\u00edo a provincias. El cliente corre con el gasto del flete elegido.<\/p>\n<p>&nbsp;<\/p>\n<p style=\"text-align: justify;\"><strong>DESCRIPCI\u00d3N:<\/strong><\/p>\n<p>Con este maravilloso producto usted podr\u00e1 desinfectar: Interiores del hogar, Alimentos, Manillas de puertas, Calzados, Superficies, entre muchos otros. Ideal para eliminar los microorganismos pat\u00f3genos. Posee gran adherencia y efectividad. Evita los olores desagradables. M\u00e1xima eficacia contra Virus y pat\u00f3genos que afecten tu salud.<\/p>\n<p><strong>INSTRUCCIONES DE USO:<\/strong><\/p>\n<p>Se recomienda el uso de nuestro Atomizador para lograr su adecuada aplicaci\u00f3n. Dosifique 200 ml &#8211; 450 ml del producto puro. Aplicar la soluci\u00f3n del modo habitual. Dejar actuar. Evitar que el producto se seque sobre la superficie antes de aclarar. La dosificaci\u00f3n y tiempo de contacto dependen del estado de la superficie. Eficacia desinfectante. Producto a utilizar sin soluci\u00f3n. Tiempo de contacto: 5 minutos.<\/p>\n","protected":false},"excerpt":{"rendered":"<p>Por compras sobre $50.000 Despacho Gratuito Regi\u00f3n Metropolitana. Env\u00edo a provincias. El cliente corre con el gasto del flete elegido&#8230;.<\/p>\n","protected":false},"featured_media":1300,"template":"","meta":{"_eb_attr":"","_joinchat":[]},"product_brand":[],"product_cat":[30],"product_tag":[],"class_list":{"0":"post-484","1":"product","2":"type-product","3":"status-publish","4":"has-post-thumbnail","6":"product_cat-desinfectantes","8":"first","9":"instock","10":"taxable","11":"shipping-taxable","12":"purchasable","13":"product-type-simple"},"tiered_pricing_type":"fixed","tiered_pricing_fixed_rules":[],"tiered_pricing_percentage_rules":[],"tiered_pricing_minimum":1,"tiered_pricing_roles_data":[],"_links":{"self":[{"href":"https:\/\/delimp.cl\/index.php\/wp-json\/wp\/v2\/product\/484","targetHints":{"allow":["GET"]}}],"collection":[{"href":"https:\/\/delimp.cl\/index.php\/wp-json\/wp\/v2\/product"}],"about":[{"href":"https:\/\/delimp.cl\/index.php\/wp-json\/wp\/v2\/types\/product"}],"wp:featuredmedia":[{"embeddable":true,"href":"https:\/\/delimp.cl\/index.php\/wp-json\/wp\/v2\/media\/1300"}],"wp:attachment":[{"href":"https:\/\/delimp.cl\/index.php\/wp-json\/wp\/v2\/media?parent=484"}],"wp:term":[{"taxonomy":"product_brand","embeddable":true,"href":"https:\/\/delimp.cl\/index.php\/wp-json\/wp\/v2\/product_brand?post=484"},{"taxonomy":"product_cat","embeddable":true,"href":"https:\/\/delimp.cl\/index.php\/wp-json\/wp\/v2\/product_cat?post=484"},{"taxonomy":"product_tag","embeddable":true,"href":"https:\/\/delimp.cl\/index.php\/wp-json\/wp\/v2\/product_tag?post=484"}],"curies":[{"name":"wp","href":"https:\/\/api.w.org\/{rel}","templated":true}]}}