{"id":365,"date":"2024-03-18T18:20:12","date_gmt":"2024-03-18T22:20:12","guid":{"rendered":"https:\/\/delimp.cl\/?post_type=product&#038;p=365"},"modified":"2024-03-18T18:21:49","modified_gmt":"2024-03-18T22:21:49","slug":"toalla-papel-jumbo-250m-2-rollos","status":"publish","type":"product","link":"https:\/\/delimp.cl\/index.php\/producto\/toalla-papel-jumbo-250m-2-rollos\/","title":{"rendered":"Toalla Papel JUMBO 250m (2 Rollos)"},"content":{"rendered":"<p>La\u00a0<strong>Toalla de Papel JUMBO<\/strong> ofrece m\u00e1xima absorci\u00f3n. Su exclusiva combinaci\u00f3n de fibras y su textura aseguran un rendimiento m\u00e1s econ\u00f3mico en todas las tareas de limpieza del hogar.<\/p>\n<p style=\"text-align: justify;\">El empaque contiene 1 rollo de papel pre-picado de 250 metros, hoja simple.<\/p>\n<p><strong>C\u00f3digo del producto:\u00a0<\/strong>21215<\/p>\n","protected":false},"excerpt":{"rendered":"<p>La\u00a0Toalla de Papel JUMBO ofrece m\u00e1xima absorci\u00f3n. Su exclusiva combinaci\u00f3n de fibras y su textura aseguran un rendimiento m\u00e1s econ\u00f3mico&#8230;<\/p>\n","protected":false},"featured_media":421,"template":"","meta":{"_eb_attr":"","_joinchat":[]},"product_brand":[],"product_cat":[36],"product_tag":[],"class_list":{"0":"post-365","1":"product","2":"type-product","3":"status-publish","4":"has-post-thumbnail","6":"product_cat-papel","8":"first","9":"instock","10":"taxable","11":"shipping-taxable","12":"purchasable","13":"product-type-simple"},"tiered_pricing_type":"fixed","tiered_pricing_fixed_rules":[],"tiered_pricing_percentage_rules":[],"tiered_pricing_minimum":1,"tiered_pricing_roles_data":[],"_links":{"self":[{"href":"https:\/\/delimp.cl\/index.php\/wp-json\/wp\/v2\/product\/365","targetHints":{"allow":["GET"]}}],"collection":[{"href":"https:\/\/delimp.cl\/index.php\/wp-json\/wp\/v2\/product"}],"about":[{"href":"https:\/\/delimp.cl\/index.php\/wp-json\/wp\/v2\/types\/product"}],"wp:featuredmedia":[{"embeddable":true,"href":"https:\/\/delimp.cl\/index.php\/wp-json\/wp\/v2\/media\/421"}],"wp:attachment":[{"href":"https:\/\/delimp.cl\/index.php\/wp-json\/wp\/v2\/media?parent=365"}],"wp:term":[{"taxonomy":"product_brand","embeddable":true,"href":"https:\/\/delimp.cl\/index.php\/wp-json\/wp\/v2\/product_brand?post=365"},{"taxonomy":"product_cat","embeddable":true,"href":"https:\/\/delimp.cl\/index.php\/wp-json\/wp\/v2\/product_cat?post=365"},{"taxonomy":"product_tag","embeddable":true,"href":"https:\/\/delimp.cl\/index.php\/wp-json\/wp\/v2\/product_tag?post=365"}],"curies":[{"name":"wp","href":"https:\/\/api.w.org\/{rel}","templated":true}]}}