{"id":350,"date":"2024-03-18T18:19:49","date_gmt":"2024-03-18T22:19:49","guid":{"rendered":"https:\/\/delimp.cl\/?post_type=product&#038;p=350"},"modified":"2024-11-05T10:55:00","modified_gmt":"2024-11-05T14:55:00","slug":"antisarro-1-litro","status":"publish","type":"product","link":"https:\/\/delimp.cl\/index.php\/producto\/antisarro-1-litro\/","title":{"rendered":"Antisarro 1 litro"},"content":{"rendered":"<p>Por compras sobre $50.000<\/p>\n<p>Despacho Gratuito Regi\u00f3n Metropolitana.<\/p>\n<p>Env\u00edo a provincias. El cliente corre con el gasto del flete elegido.<\/p>\n<p style=\"text-align: justify;\"><strong>DESCRIPCI\u00d3N:<\/strong><\/p>\n<p>Producto formulado a base de una mezcla de acidos para remover y evitar la formaci\u00f3n de sarro, manchas y oxido en superficies enlozadas. Act\u00faa sin provocar da\u00f1os a superficies, especialmente para urinarios y tazas de ba\u00f1os.<\/p>\n<p style=\"text-align: justify;\"><strong>INSTRUCCIONES DE USO:<\/strong><\/p>\n<p>Extraer toda el agua de la taza de ba\u00f1o o el urinario, verter el liquido sin diluir directamente dejando actuar el tiempo que sea necesario, luego enjuague con abundante agua. El tiempo promedio recomendado es de 20 minutos, en caso de manchas dif\u00edciles usar el hisopo y aplicar. Se enjuaga f\u00e1cilmente y no deja residuos. Con precauci\u00f3n se puede utilizar en azulejos y enjuagar r\u00e1pidamente.<\/p>\n","protected":false},"excerpt":{"rendered":"<p>Por compras sobre $50.000 Despacho Gratuito Regi\u00f3n Metropolitana. Env\u00edo a provincias. El cliente corre con el gasto del flete elegido&#8230;.<\/p>\n","protected":false},"featured_media":1604,"template":"","meta":{"_eb_attr":"","_joinchat":[]},"product_brand":[],"product_cat":[26],"product_tag":[],"class_list":{"0":"post-350","1":"product","2":"type-product","3":"status-publish","4":"has-post-thumbnail","6":"product_cat-limpiadores","8":"first","9":"instock","10":"taxable","11":"shipping-taxable","12":"purchasable","13":"product-type-simple"},"tiered_pricing_type":"fixed","tiered_pricing_fixed_rules":[],"tiered_pricing_percentage_rules":[],"tiered_pricing_minimum":1,"tiered_pricing_roles_data":[],"_links":{"self":[{"href":"https:\/\/delimp.cl\/index.php\/wp-json\/wp\/v2\/product\/350","targetHints":{"allow":["GET"]}}],"collection":[{"href":"https:\/\/delimp.cl\/index.php\/wp-json\/wp\/v2\/product"}],"about":[{"href":"https:\/\/delimp.cl\/index.php\/wp-json\/wp\/v2\/types\/product"}],"wp:featuredmedia":[{"embeddable":true,"href":"https:\/\/delimp.cl\/index.php\/wp-json\/wp\/v2\/media\/1604"}],"wp:attachment":[{"href":"https:\/\/delimp.cl\/index.php\/wp-json\/wp\/v2\/media?parent=350"}],"wp:term":[{"taxonomy":"product_brand","embeddable":true,"href":"https:\/\/delimp.cl\/index.php\/wp-json\/wp\/v2\/product_brand?post=350"},{"taxonomy":"product_cat","embeddable":true,"href":"https:\/\/delimp.cl\/index.php\/wp-json\/wp\/v2\/product_cat?post=350"},{"taxonomy":"product_tag","embeddable":true,"href":"https:\/\/delimp.cl\/index.php\/wp-json\/wp\/v2\/product_tag?post=350"}],"curies":[{"name":"wp","href":"https:\/\/api.w.org\/{rel}","templated":true}]}}