{"id":335,"date":"2024-03-18T18:19:27","date_gmt":"2024-03-18T22:19:27","guid":{"rendered":"https:\/\/delimp.cl\/?post_type=product&#038;p=335"},"modified":"2026-02-28T19:25:12","modified_gmt":"2026-02-28T22:25:12","slug":"mantenedor-de-pisos-1-litro","status":"publish","type":"product","link":"https:\/\/delimp.cl\/index.php\/producto\/mantenedor-de-pisos-1-litro\/","title":{"rendered":"Mantenedor de Pisos 1 litro"},"content":{"rendered":"<p>Por compras sobre $50.000<\/p>\n<p>Despacho Gratuito Regi\u00f3n Metropolitana.<\/p>\n<p>Env\u00edo a provincias. El cliente corre con el gasto del flete elegido.<\/p>\n<p style=\"text-align: justify;\"><strong>DESCRIPCI\u00d3N:<\/strong><\/p>\n<p>Producto a base de tenso activos no i\u00f3nicos, anionicos y fragancias. Dise\u00f1ado especialmente para limpieza de pisos duros, como cer\u00e1micas, baldosa, flexit, etc.<\/p>\n<p>No aplicar en piso de pisos flotantes.<\/p>\n<p style=\"text-align: justify;\"><strong>INSTRUCCIONES DE USO:<\/strong><\/p>\n<p>Se puede aplicar con pa\u00f1o o mopa en la superficie a limpiar, enjuagando frecuentemente para ir eliminando suciedad.<\/p>\n<p>Diluciones recomendadas:<\/p>\n<ul>\n<li style=\"text-align: left;\">Limpieza general: 1:10 hasta 1:20<\/li>\n<li style=\"text-align: left;\">Desodorizacion : 1:2 hasta 1:5<\/li>\n<\/ul>\n<p>&nbsp;<\/p>\n","protected":false},"excerpt":{"rendered":"<p>Por compras sobre $50.000 Despacho Gratuito Regi\u00f3n Metropolitana. Env\u00edo a provincias. El cliente corre con el gasto del flete elegido&#8230;.<\/p>\n","protected":false},"featured_media":1507,"template":"","meta":{"_eb_attr":"","_joinchat":[]},"product_brand":[],"product_cat":[26],"product_tag":[],"class_list":{"0":"post-335","1":"product","2":"type-product","3":"status-publish","4":"has-post-thumbnail","6":"product_cat-limpiadores","8":"first","9":"instock","10":"taxable","11":"shipping-taxable","12":"purchasable","13":"product-type-simple"},"tiered_pricing_type":"fixed","tiered_pricing_fixed_rules":[],"tiered_pricing_percentage_rules":[],"tiered_pricing_minimum":1,"tiered_pricing_roles_data":[],"_links":{"self":[{"href":"https:\/\/delimp.cl\/index.php\/wp-json\/wp\/v2\/product\/335","targetHints":{"allow":["GET"]}}],"collection":[{"href":"https:\/\/delimp.cl\/index.php\/wp-json\/wp\/v2\/product"}],"about":[{"href":"https:\/\/delimp.cl\/index.php\/wp-json\/wp\/v2\/types\/product"}],"wp:featuredmedia":[{"embeddable":true,"href":"https:\/\/delimp.cl\/index.php\/wp-json\/wp\/v2\/media\/1507"}],"wp:attachment":[{"href":"https:\/\/delimp.cl\/index.php\/wp-json\/wp\/v2\/media?parent=335"}],"wp:term":[{"taxonomy":"product_brand","embeddable":true,"href":"https:\/\/delimp.cl\/index.php\/wp-json\/wp\/v2\/product_brand?post=335"},{"taxonomy":"product_cat","embeddable":true,"href":"https:\/\/delimp.cl\/index.php\/wp-json\/wp\/v2\/product_cat?post=335"},{"taxonomy":"product_tag","embeddable":true,"href":"https:\/\/delimp.cl\/index.php\/wp-json\/wp\/v2\/product_tag?post=335"}],"curies":[{"name":"wp","href":"https:\/\/api.w.org\/{rel}","templated":true}]}}