{"id":272,"date":"2024-03-18T18:17:32","date_gmt":"2024-03-18T22:17:32","guid":{"rendered":"https:\/\/delimp.cl\/?post_type=product&#038;p=272"},"modified":"2026-02-28T19:24:35","modified_gmt":"2026-02-28T22:24:35","slug":"cera-piso-flotante-5-litros","status":"publish","type":"product","link":"https:\/\/delimp.cl\/index.php\/producto\/cera-piso-flotante-5-litros\/","title":{"rendered":"Cera Piso Flotante 5 litros"},"content":{"rendered":"<p>Por compras sobre $50.000<\/p>\n<p>Despacho Gratuito Regi\u00f3n Metropolitana.<\/p>\n<p>Env\u00edo a provincias. El cliente corre con el gasto del flete elegido.<\/p>\n<p style=\"text-align: justify;\"><strong>DESCRIPCI\u00d3N:<\/strong><\/p>\n<p>Producto dise\u00f1ado para la protecci\u00f3n de pisos flotantes, maderas laminadas y maderas vitrificadas. Producto fabricado a base de emulsiones acr\u00edlicas. Su especial formulaci\u00f3n le permitir\u00e1 obtener brillo, sin dejar aureolas.<\/p>\n<p style=\"text-align: justify;\"><strong>INSTRUCCIONES DE USO:<\/strong><\/p>\n<p>Aplique dosificando el producto sobre un pa\u00f1o limpio y seco, distribuyendo en la zona a aplicar, en c\u00edrculos o en l\u00edneas horizontales, esparcir capas delgadas. No necesita enceradora, frote bien y repita si es necesario. Pase finalmente un pa\u00f1o seco.<\/p>\n<p>Importante: Las indicaciones del fabricante del piso flotante tienen prioridad.<\/p>\n","protected":false},"excerpt":{"rendered":"<p>Por compras sobre $50.000 Despacho Gratuito Regi\u00f3n Metropolitana. Env\u00edo a provincias. El cliente corre con el gasto del flete elegido&#8230;.<\/p>\n","protected":false},"featured_media":1510,"template":"","meta":{"_eb_attr":"","_joinchat":[]},"product_brand":[],"product_cat":[26],"product_tag":[],"class_list":{"0":"post-272","1":"product","2":"type-product","3":"status-publish","4":"has-post-thumbnail","6":"product_cat-limpiadores","8":"first","9":"instock","10":"taxable","11":"shipping-taxable","12":"purchasable","13":"product-type-simple"},"tiered_pricing_type":"fixed","tiered_pricing_fixed_rules":[],"tiered_pricing_percentage_rules":[],"tiered_pricing_minimum":1,"tiered_pricing_roles_data":[],"_links":{"self":[{"href":"https:\/\/delimp.cl\/index.php\/wp-json\/wp\/v2\/product\/272","targetHints":{"allow":["GET"]}}],"collection":[{"href":"https:\/\/delimp.cl\/index.php\/wp-json\/wp\/v2\/product"}],"about":[{"href":"https:\/\/delimp.cl\/index.php\/wp-json\/wp\/v2\/types\/product"}],"wp:featuredmedia":[{"embeddable":true,"href":"https:\/\/delimp.cl\/index.php\/wp-json\/wp\/v2\/media\/1510"}],"wp:attachment":[{"href":"https:\/\/delimp.cl\/index.php\/wp-json\/wp\/v2\/media?parent=272"}],"wp:term":[{"taxonomy":"product_brand","embeddable":true,"href":"https:\/\/delimp.cl\/index.php\/wp-json\/wp\/v2\/product_brand?post=272"},{"taxonomy":"product_cat","embeddable":true,"href":"https:\/\/delimp.cl\/index.php\/wp-json\/wp\/v2\/product_cat?post=272"},{"taxonomy":"product_tag","embeddable":true,"href":"https:\/\/delimp.cl\/index.php\/wp-json\/wp\/v2\/product_tag?post=272"}],"curies":[{"name":"wp","href":"https:\/\/api.w.org\/{rel}","templated":true}]}}