{"id":235,"date":"2024-03-18T18:16:27","date_gmt":"2024-03-18T22:16:27","guid":{"rendered":"https:\/\/delimp.cl\/?post_type=product&#038;p=235"},"modified":"2026-02-28T20:18:44","modified_gmt":"2026-02-28T23:18:44","slug":"jabon-liquido-incoloro-5-litros","status":"publish","type":"product","link":"https:\/\/delimp.cl\/index.php\/producto\/jabon-liquido-incoloro-5-litros\/","title":{"rendered":"Jab\u00f3n L\u00edquido  5 litros"},"content":{"rendered":"<p><span style=\"vertical-align: inherit;\"><span style=\"vertical-align: inherit;\"><span style=\"vertical-align: inherit;\"><span style=\"vertical-align: inherit;\">Por compras superiores a $50.000<\/span><\/span><\/span><\/span><\/p>\n<p><span style=\"vertical-align: inherit;\"><span style=\"vertical-align: inherit;\"><span style=\"vertical-align: inherit;\"><span style=\"vertical-align: inherit;\">Despacho Gratuito Regi\u00f3n Metropolitana.<\/span><\/span><\/span><\/span><\/p>\n<p><span style=\"vertical-align: inherit;\"><span style=\"vertical-align: inherit;\"><span style=\"vertical-align: inherit;\"><span style=\"vertical-align: inherit;\">Env\u00edo a provincias. El cliente corre con el gasto del flete elegido.<\/span><\/span><\/span><\/span><\/p>\n<p style=\"text-align: justify;\"><strong><span style=\"vertical-align: inherit;\"><span style=\"vertical-align: inherit;\"><span style=\"vertical-align: inherit;\"><span style=\"vertical-align: inherit;\">DESCRIPCI\u00d3N:<\/span><\/span><\/span><\/span><\/strong><\/p>\n<p><span style=\"vertical-align: inherit;\"><span style=\"vertical-align: inherit;\"><span style=\"vertical-align: inherit;\"><span style=\"vertical-align: inherit;\">Producto especialmente dise\u00f1ado para limpieza de manos. A base de materias primas cuidadosamente seleccionadas, tensioactivos no i\u00f3nicos, ani\u00f3nicos y glicerina, que humecta y suaviza la piel. Contiene aromas suaves como Ar\u00e1ndano, cereza y Neutro.<\/span><\/span><\/span><\/span><\/p>\n<p style=\"text-align: justify;\"><strong><span style=\"vertical-align: inherit;\"><span style=\"vertical-align: inherit;\"><span style=\"vertical-align: inherit;\"><span style=\"vertical-align: inherit;\">INSTRUCCIONES DE USO:<\/span><\/span><\/span><\/span><\/strong><\/p>\n<p><span style=\"vertical-align: inherit;\"><span style=\"vertical-align: inherit;\"><span style=\"vertical-align: inherit;\"><span style=\"vertical-align: inherit;\">Producto para ser usado en dispensadores murales o manuales. Aplique una peque\u00f1a cantidad en las manos y frote hasta lograr abundante espuma, luego enjuagar con agua. Se aplica para el lavado y limpieza de manos.<\/span><\/span><\/span><\/span><\/p>\n","protected":false},"excerpt":{"rendered":"<p>Por compras superiores a $50.000 Despacho Gratuito Regi\u00f3n Metropolitana. Env\u00edo a provincias. El cliente corre con el gasto del flete&#8230;<\/p>\n","protected":false},"featured_media":1037,"template":"","meta":{"_eb_attr":"","_joinchat":[]},"product_brand":[],"product_cat":[31],"product_tag":[],"class_list":{"0":"post-235","1":"product","2":"type-product","3":"status-publish","4":"has-post-thumbnail","6":"product_cat-perfumeria","8":"first","9":"instock","10":"taxable","11":"shipping-taxable","12":"purchasable","13":"product-type-variable"},"tiered_pricing_type":"fixed","tiered_pricing_fixed_rules":[],"tiered_pricing_percentage_rules":[],"tiered_pricing_minimum":1,"tiered_pricing_roles_data":[],"_links":{"self":[{"href":"https:\/\/delimp.cl\/index.php\/wp-json\/wp\/v2\/product\/235","targetHints":{"allow":["GET"]}}],"collection":[{"href":"https:\/\/delimp.cl\/index.php\/wp-json\/wp\/v2\/product"}],"about":[{"href":"https:\/\/delimp.cl\/index.php\/wp-json\/wp\/v2\/types\/product"}],"wp:featuredmedia":[{"embeddable":true,"href":"https:\/\/delimp.cl\/index.php\/wp-json\/wp\/v2\/media\/1037"}],"wp:attachment":[{"href":"https:\/\/delimp.cl\/index.php\/wp-json\/wp\/v2\/media?parent=235"}],"wp:term":[{"taxonomy":"product_brand","embeddable":true,"href":"https:\/\/delimp.cl\/index.php\/wp-json\/wp\/v2\/product_brand?post=235"},{"taxonomy":"product_cat","embeddable":true,"href":"https:\/\/delimp.cl\/index.php\/wp-json\/wp\/v2\/product_cat?post=235"},{"taxonomy":"product_tag","embeddable":true,"href":"https:\/\/delimp.cl\/index.php\/wp-json\/wp\/v2\/product_tag?post=235"}],"curies":[{"name":"wp","href":"https:\/\/api.w.org\/{rel}","templated":true}]}}