{"id":202,"date":"2024-03-18T18:16:03","date_gmt":"2024-03-18T22:16:03","guid":{"rendered":"https:\/\/delimp.cl\/?post_type=product&#038;p=202"},"modified":"2026-04-16T11:03:53","modified_gmt":"2026-04-16T15:03:53","slug":"lavaloza-premium-5-litros","status":"publish","type":"product","link":"https:\/\/delimp.cl\/index.php\/producto\/lavaloza-premium-5-litros\/","title":{"rendered":"Lavaloza PREMIUM 5 litros"},"content":{"rendered":"<p>Por compras sobre $30.000<\/p>\n<p>Despacho Gratuito Regi\u00f3n Metropolitana.<\/p>\n<p>Env\u00edo a provincias. El cliente corre con el gasto del flete elegido.<\/p>\n<p style=\"text-align: justify;\"><strong>DESCRIPCI\u00d3N:<\/strong><\/p>\n<p>Suave lavaloza que desengrasa y limpia con gran efectividad. Es un producto neutro que contiene un protector de la piel sin da\u00f1ar las manos.<\/p>\n<p>Apto para todo tipo de loza del hogar, casinos, restaurantes, etc. Con alta espuma y de f\u00e1cil enjuague, dejando la vajilla reluciente.<\/p>\n<p style=\"text-align: justify;\"><strong>APLICACI\u00d3N:<\/strong><\/p>\n<p>Se utiliza de acuerdo a los sistemas convencionales de lavado manual de la loza. Utilizar la diluci\u00f3n m\u00e1s adecuada que combine calidad y econom\u00eda.<\/p>\n<p>Con agua tibia el tiempo de acci\u00f3n y de fricci\u00f3n, facilita una mayor diluci\u00f3n y eficiencia, se recomienda:<\/p>\n<ul>\n<li style=\"text-align: justify;\"><em>Alta demanda: 1:20<\/em><\/li>\n<li style=\"text-align: justify;\"><em>\u00a0Demanda normal: 1:30<\/em><\/li>\n<li style=\"text-align: justify;\"><em>Demanda suave: 1:50<\/em><\/li>\n<\/ul>\n","protected":false},"excerpt":{"rendered":"<p>Por compras sobre $30.000 Despacho Gratuito Regi\u00f3n Metropolitana. Env\u00edo a provincias. El cliente corre con el gasto del flete elegido&#8230;.<\/p>\n","protected":false},"featured_media":1041,"template":"","meta":{"_eb_attr":"","_joinchat":[]},"product_brand":[],"product_cat":[41,40,29],"product_tag":[],"class_list":{"0":"post-202","1":"product","2":"type-product","3":"status-publish","4":"has-post-thumbnail","6":"product_cat-vendidos","7":"product_cat-promo","8":"product_cat-linea-cocina","10":"first","11":"instock","12":"sale","13":"taxable","14":"shipping-taxable","15":"purchasable","16":"product-type-simple"},"tiered_pricing_type":"fixed","tiered_pricing_fixed_rules":[],"tiered_pricing_percentage_rules":[],"tiered_pricing_minimum":1,"tiered_pricing_roles_data":[],"_links":{"self":[{"href":"https:\/\/delimp.cl\/index.php\/wp-json\/wp\/v2\/product\/202","targetHints":{"allow":["GET"]}}],"collection":[{"href":"https:\/\/delimp.cl\/index.php\/wp-json\/wp\/v2\/product"}],"about":[{"href":"https:\/\/delimp.cl\/index.php\/wp-json\/wp\/v2\/types\/product"}],"wp:featuredmedia":[{"embeddable":true,"href":"https:\/\/delimp.cl\/index.php\/wp-json\/wp\/v2\/media\/1041"}],"wp:attachment":[{"href":"https:\/\/delimp.cl\/index.php\/wp-json\/wp\/v2\/media?parent=202"}],"wp:term":[{"taxonomy":"product_brand","embeddable":true,"href":"https:\/\/delimp.cl\/index.php\/wp-json\/wp\/v2\/product_brand?post=202"},{"taxonomy":"product_cat","embeddable":true,"href":"https:\/\/delimp.cl\/index.php\/wp-json\/wp\/v2\/product_cat?post=202"},{"taxonomy":"product_tag","embeddable":true,"href":"https:\/\/delimp.cl\/index.php\/wp-json\/wp\/v2\/product_tag?post=202"}],"curies":[{"name":"wp","href":"https:\/\/api.w.org\/{rel}","templated":true}]}}