{"id":1904,"date":"2025-08-23T16:28:00","date_gmt":"2025-08-23T20:28:00","guid":{"rendered":"https:\/\/delimp.cl\/?post_type=product&#038;p=1904"},"modified":"2025-08-23T16:41:20","modified_gmt":"2025-08-23T20:41:20","slug":"embudo-12cm","status":"publish","type":"product","link":"https:\/\/delimp.cl\/index.php\/producto\/embudo-12cm\/","title":{"rendered":"EMBUDO 12CM"},"content":{"rendered":"<p>Embudo pr\u00e1ctico y resistente, ideal para trasvasar l\u00edquidos o polvos sin derrames. Su dise\u00f1o facilita un flujo controlado y seguro, evitando desperdicios. Ligero, f\u00e1cil de limpiar y almacenar, es un accesorio imprescindible en la cocina, el hogar o el taller. \u2714\ufe0f Simple, funcional y duradero.<\/p>\n","protected":false},"excerpt":{"rendered":"<p>Embudo pr\u00e1ctico y resistente, ideal para trasvasar l\u00edquidos o polvos sin derrames. Su dise\u00f1o facilita un flujo controlado y seguro,&#8230;<\/p>\n","protected":false},"featured_media":1900,"template":"","meta":{"_eb_attr":"","_joinchat":[]},"product_brand":[],"product_cat":[58,33],"product_tag":[],"class_list":{"0":"post-1904","1":"product","2":"type-product","3":"status-publish","4":"has-post-thumbnail","6":"product_cat-nuevos_productos","7":"product_cat-utensilios","9":"first","10":"instock","11":"taxable","12":"shipping-taxable","13":"purchasable","14":"product-type-simple"},"tiered_pricing_type":"fixed","tiered_pricing_fixed_rules":[],"tiered_pricing_percentage_rules":[],"tiered_pricing_minimum":1,"tiered_pricing_roles_data":[],"_links":{"self":[{"href":"https:\/\/delimp.cl\/index.php\/wp-json\/wp\/v2\/product\/1904","targetHints":{"allow":["GET"]}}],"collection":[{"href":"https:\/\/delimp.cl\/index.php\/wp-json\/wp\/v2\/product"}],"about":[{"href":"https:\/\/delimp.cl\/index.php\/wp-json\/wp\/v2\/types\/product"}],"wp:featuredmedia":[{"embeddable":true,"href":"https:\/\/delimp.cl\/index.php\/wp-json\/wp\/v2\/media\/1900"}],"wp:attachment":[{"href":"https:\/\/delimp.cl\/index.php\/wp-json\/wp\/v2\/media?parent=1904"}],"wp:term":[{"taxonomy":"product_brand","embeddable":true,"href":"https:\/\/delimp.cl\/index.php\/wp-json\/wp\/v2\/product_brand?post=1904"},{"taxonomy":"product_cat","embeddable":true,"href":"https:\/\/delimp.cl\/index.php\/wp-json\/wp\/v2\/product_cat?post=1904"},{"taxonomy":"product_tag","embeddable":true,"href":"https:\/\/delimp.cl\/index.php\/wp-json\/wp\/v2\/product_tag?post=1904"}],"curies":[{"name":"wp","href":"https:\/\/api.w.org\/{rel}","templated":true}]}}